{"id":15494,"date":"2020-08-26T21:15:48","date_gmt":"2020-08-26T19:15:48","guid":{"rendered":"https:\/\/abrakadabra.bz.it\/shop\/felpa-gots-uni-verde-muschio\/"},"modified":"2023-01-18T15:54:11","modified_gmt":"2023-01-18T14:54:11","slug":"felpa-gots-uni-verde-muschio","status":"publish","type":"product","link":"https:\/\/abrakadabra.bz.it\/it\/shop\/felpa-gots-uni-verde-muschio\/","title":{"rendered":"Felpa Gots uni verde muschio"},"content":{"rendered":"<p>Questa felpa morbida super soft \u00e8 stata prodotto secondo GOTS ed \u00e8 perfetto come tessuto principale o come tessuto combinato. La parte posteriore \u00e8 leggermente ruvida e molto tenera.<\/p>\n<p>\u00c8 ottimo per giacche, maglioni e pantaloni.<\/p>\n<p>Nota di cura: lavatrice 40 gradi, senza asciugatrice, ferro a fuoco medio.<\/p>\n","protected":false},"excerpt":{"rendered":"<p>Materiale: 95% CO, 5% EA<\/p>\n<p>Larghezza: 150 cm<\/p>\n<p>Peso: 225gr\/sqm2<\/p>\n","protected":false},"featured_media":14801,"comment_status":"closed","ping_status":"closed","template":"","meta":{"inline_featured_image":false},"product_brand":[],"product_cat":[393,392],"product_tag":[371,402,404,421,405,403,394],"class_list":{"0":"post-15494","1":"product","2":"type-product","3":"status-publish","4":"has-post-thumbnail","6":"product_cat-felpa","7":"product_cat-tessuti","8":"product_tag-bambini","9":"product_tag-donna","10":"product_tag-felpa","11":"product_tag-gots-it","12":"product_tag-uni-it","13":"product_tag-uomo","14":"product_tag-verde","17":"first","18":"instock","19":"shipping-taxable","20":"purchasable","21":"product-type-simple"},"aioseo_notices":[],"_links":{"self":[{"href":"https:\/\/abrakadabra.bz.it\/it\/wp-json\/wp\/v2\/product\/15494","targetHints":{"allow":["GET"]}}],"collection":[{"href":"https:\/\/abrakadabra.bz.it\/it\/wp-json\/wp\/v2\/product"}],"about":[{"href":"https:\/\/abrakadabra.bz.it\/it\/wp-json\/wp\/v2\/types\/product"}],"replies":[{"embeddable":true,"href":"https:\/\/abrakadabra.bz.it\/it\/wp-json\/wp\/v2\/comments?post=15494"}],"wp:featuredmedia":[{"embeddable":true,"href":"https:\/\/abrakadabra.bz.it\/it\/wp-json\/wp\/v2\/media\/14801"}],"wp:attachment":[{"href":"https:\/\/abrakadabra.bz.it\/it\/wp-json\/wp\/v2\/media?parent=15494"}],"wp:term":[{"taxonomy":"product_brand","embeddable":true,"href":"https:\/\/abrakadabra.bz.it\/it\/wp-json\/wp\/v2\/product_brand?post=15494"},{"taxonomy":"product_cat","embeddable":true,"href":"https:\/\/abrakadabra.bz.it\/it\/wp-json\/wp\/v2\/product_cat?post=15494"},{"taxonomy":"product_tag","embeddable":true,"href":"https:\/\/abrakadabra.bz.it\/it\/wp-json\/wp\/v2\/product_tag?post=15494"}],"curies":[{"name":"wp","href":"https:\/\/api.w.org\/{rel}","templated":true}]}}