{"id":16640,"date":"2021-04-16T10:28:41","date_gmt":"2021-04-16T08:28:41","guid":{"rendered":"https:\/\/abrakadabra.bz.it\/?post_type=product&#038;p=16640"},"modified":"2023-01-16T09:07:43","modified_gmt":"2023-01-16T08:07:43","slug":"guetermann-col-701","status":"publish","type":"product","link":"https:\/\/abrakadabra.bz.it\/it\/shop\/guetermann-col-701\/","title":{"rendered":"Filo G\u00fctermann Col: 701"},"content":{"rendered":"<p>il cucitutto di G\u00fctermann, che tiene e cuce, \u00e8 adatto per lavori manuali e di cucito<\/p>\n<p>Esistono diversi colori<\/p>\n<p>\u00c8 adatto per qualsiasi tipo di tessuto e \u00e8 100% poliestre.<\/p>\n<p>\u00c8 elastico, resistente agli strappi, senza restringamenti, resistente ai lavaggi fino a 95 gradi, resistente al ferro da stiro fino a 200 gradi e resistente di colore.<\/p>\n","protected":false},"excerpt":{"rendered":"<p>Materiale: 100% Poliestre<\/p>\n<p>rulli: 250 m<\/p>\n<p>Colore: grigio scuro<\/p>\n","protected":false},"featured_media":16791,"comment_status":"open","ping_status":"closed","template":"","meta":{"inline_featured_image":false},"product_brand":[],"product_cat":[412,504],"product_tag":[507,377,603,803],"class_list":{"0":"post-16640","1":"product","2":"type-product","3":"status-publish","4":"has-post-thumbnail","6":"product_cat-accessori-per-cucire","7":"product_cat-filato","8":"product_tag-filato","9":"product_tag-grigio","10":"product_tag-grigio-it-3","11":"product_tag-guetermann-it","14":"first","15":"instock","16":"shipping-taxable","17":"purchasable","18":"product-type-simple"},"aioseo_notices":[],"_links":{"self":[{"href":"https:\/\/abrakadabra.bz.it\/it\/wp-json\/wp\/v2\/product\/16640","targetHints":{"allow":["GET"]}}],"collection":[{"href":"https:\/\/abrakadabra.bz.it\/it\/wp-json\/wp\/v2\/product"}],"about":[{"href":"https:\/\/abrakadabra.bz.it\/it\/wp-json\/wp\/v2\/types\/product"}],"replies":[{"embeddable":true,"href":"https:\/\/abrakadabra.bz.it\/it\/wp-json\/wp\/v2\/comments?post=16640"}],"wp:featuredmedia":[{"embeddable":true,"href":"https:\/\/abrakadabra.bz.it\/it\/wp-json\/wp\/v2\/media\/16791"}],"wp:attachment":[{"href":"https:\/\/abrakadabra.bz.it\/it\/wp-json\/wp\/v2\/media?parent=16640"}],"wp:term":[{"taxonomy":"product_brand","embeddable":true,"href":"https:\/\/abrakadabra.bz.it\/it\/wp-json\/wp\/v2\/product_brand?post=16640"},{"taxonomy":"product_cat","embeddable":true,"href":"https:\/\/abrakadabra.bz.it\/it\/wp-json\/wp\/v2\/product_cat?post=16640"},{"taxonomy":"product_tag","embeddable":true,"href":"https:\/\/abrakadabra.bz.it\/it\/wp-json\/wp\/v2\/product_tag?post=16640"}],"curies":[{"name":"wp","href":"https:\/\/api.w.org\/{rel}","templated":true}]}}