{"id":21046,"date":"2024-08-27T14:10:56","date_gmt":"2024-08-27T12:10:56","guid":{"rendered":"https:\/\/abrakadabra.bz.it\/shop\/pile-di-cotone-rosa\/"},"modified":"2024-09-24T08:18:35","modified_gmt":"2024-09-24T06:18:35","slug":"pile-di-cotone-rosa","status":"publish","type":"product","link":"https:\/\/abrakadabra.bz.it\/it\/shop\/pile-di-cotone-rosa\/","title":{"rendered":"Pile di cotone, rosa"},"content":{"rendered":"<p>Questo pile \u00e8 realizzato in puro cotone, \u00e8 soffice, morbido e caldo. \u00c8 adatto per cucire giacche in pile, gilet, sciarpe, cappelli, coperte coccolose e molto altro per la stagione fredda. Il vello di cotone ha un valore di restringimento residuo del 5-8%. Istruzioni per la cura: lavatrice a 30 gradi, senza asciugatrice, stirare a bassa temperatura OEKO-TEX Standard 100    &nbsp;<\/p>\n","protected":false},"excerpt":{"rendered":"<p>Composizione: 100% Cotone Larghezza: 150 cm Peso: 325 g\/m\u00b2 Valore di restringimento residuo: 5-8%<\/p>\n","protected":false},"featured_media":20961,"comment_status":"closed","ping_status":"closed","template":"","meta":{"inline_featured_image":false},"product_brand":[],"product_cat":[393,662,392],"product_tag":[372,913,591,430,1265,1263,595,406,405],"class_list":{"0":"post-21046","1":"product","2":"type-product","3":"status-publish","4":"has-post-thumbnail","6":"product_cat-felpa","7":"product_cat-promozioni","8":"product_cat-tessuti","9":"product_tag-abbigliamento","10":"product_tag-caldo","11":"product_tag-coccolone","12":"product_tag-cotone","13":"product_tag-felpa-di-cotone","14":"product_tag-lanuginoso","15":"product_tag-pile","16":"product_tag-rosa-it","17":"product_tag-uni-it","20":"first","21":"instock","22":"sale","23":"shipping-taxable","24":"purchasable","25":"product-type-simple"},"aioseo_notices":[],"_links":{"self":[{"href":"https:\/\/abrakadabra.bz.it\/it\/wp-json\/wp\/v2\/product\/21046","targetHints":{"allow":["GET"]}}],"collection":[{"href":"https:\/\/abrakadabra.bz.it\/it\/wp-json\/wp\/v2\/product"}],"about":[{"href":"https:\/\/abrakadabra.bz.it\/it\/wp-json\/wp\/v2\/types\/product"}],"replies":[{"embeddable":true,"href":"https:\/\/abrakadabra.bz.it\/it\/wp-json\/wp\/v2\/comments?post=21046"}],"wp:featuredmedia":[{"embeddable":true,"href":"https:\/\/abrakadabra.bz.it\/it\/wp-json\/wp\/v2\/media\/20961"}],"wp:attachment":[{"href":"https:\/\/abrakadabra.bz.it\/it\/wp-json\/wp\/v2\/media?parent=21046"}],"wp:term":[{"taxonomy":"product_brand","embeddable":true,"href":"https:\/\/abrakadabra.bz.it\/it\/wp-json\/wp\/v2\/product_brand?post=21046"},{"taxonomy":"product_cat","embeddable":true,"href":"https:\/\/abrakadabra.bz.it\/it\/wp-json\/wp\/v2\/product_cat?post=21046"},{"taxonomy":"product_tag","embeddable":true,"href":"https:\/\/abrakadabra.bz.it\/it\/wp-json\/wp\/v2\/product_tag?post=21046"}],"curies":[{"name":"wp","href":"https:\/\/api.w.org\/{rel}","templated":true}]}}